{"id":139,"date":"2025-08-18T10:02:03","date_gmt":"2025-08-18T08:02:03","guid":{"rendered":"https:\/\/www.wisoak.de\/kurse\/?page_id=139"},"modified":"2025-08-18T10:02:03","modified_gmt":"2025-08-18T08:02:03","slug":"newsletter","status":"publish","type":"page","link":"https:\/\/www.wisoak.de\/kurse\/newsletter\/","title":{"rendered":"Newsletter"},"content":{"rendered":"\n<div class=\"wp-block-kuferweb-shortcodes-newsletter\"><!-- H85-->\r\n\r\n<!-- hier weitere CSS \/ JS Datei ###-->\r\n<meta http-equiv=\"X-UA-Compatible\" content=\"IE=edge\">\r\n<!-- grundlegende CSS-Dateien -->\r\n<link rel=\"stylesheet\" href=\"https:\/\/www.wisoak.de\/kurse\/wp-content\/kuferweb\/webbasys\/layout\/css\/bootstrap.min.css\">\r\n\r\n<!-- Alle weiteren CSS-Dateien -->\r\n<link rel=\"stylesheet\" href=\"https:\/\/www.wisoak.de\/kurse\/wp-content\/kuferweb\/webbasys\/layout\/css\/style.css\">\r\n<link rel=\"stylesheet\" href=\"https:\/\/www.wisoak.de\/kurse\/wp-content\/kuferweb\/webbasys\/layout\/css\/custom.css\">\r\n<link rel=\"stylesheet\" href=\"https:\/\/www.wisoak.de\/kurse\/wp-content\/kuferweb\/webbasys\/layout\/Fonts\/font-awesome\/css\/font-awesome-all.min.css\">\r\n<link rel=\"stylesheet\" href=\"https:\/\/www.wisoak.de\/kurse\/wp-content\/kuferweb\/webbasys\/layout\/css\/bootstrap.min.css\">\r\n<link rel=\"stylesheet\" href=\"https:\/\/www.wisoak.de\/kurse\/wp-content\/kuferweb\/webbasys\/layout\/css\/jquery-ui.min.css\">\r\n\r\n\r\n<style>  \r\n  .btn-block-indiv .fa-chevron-right {display:none;}\r\n  .btn-block-indiv .fa-chevron-down {display:block;}  \r\n  .btn-block-indiv.collapsed .fa-chevron-right {display:block;}\r\n  .btn-block-indiv.collapsed .fa-chevron-down {display:none;}\r\n<\/style>\r\n\r\n<!-- Alle n\u00f6tigen JS-Dateien -->\r\n<script src=\"https:\/\/www.wisoak.de\/kurse\/wp-content\/kw-resources\/kuferweb\/layout\/js\/jquery-1.12.4.min.js\" type=\"text\/javascript\"><\/script>\r\n<script src=\"https:\/\/www.wisoak.de\/kurse\/wp-content\/kuferweb\/webbasys\/layout\/js\/owl.carousel.min.js\" type=\"text\/javascript\"><\/script>\r\n<script src=\"https:\/\/www.wisoak.de\/kurse\/wp-content\/kuferweb\/webbasys\/layout\/js\/popper.min.js\" type=\"text\/javascript\"><\/script>\r\n<script src=\"https:\/\/www.wisoak.de\/kurse\/wp-content\/kuferweb\/webbasys\/layout\/js\/bootstrap.min.js\"><\/script>\r\n<script src=\"https:\/\/www.wisoak.de\/kurse\/wp-content\/kuferweb\/webbasys\/layout\/js\/jquery-ui.min.js\" type=\"text\/javascript\"><\/script>\r\n<script src=\"..\/webtools\/js\/base64.js\" type=\"text\/javascript\"><\/script>\r\n<script src=\"https:\/\/www.wisoak.de\/kurse\/wp-content\/kuferweb\/webbasys\/layout\/Klaro\/js\/config.js\" type=\"text\/javascript\"><\/script>\r\n<script src=\"https:\/\/www.wisoak.de\/kurse\/wp-content\/kuferweb\/webbasys\/layout\/Klaro\/js\/klaro.js\" type=\"text\/javascript\"><\/script>\r\n\r\n<script>\r\n  $( \".btn-block-indiv\" ).on( \"click\", function() {\r\n  $( this ).toggleClasse('openend');\r\n} );\r\n<\/script>\r\n\r\n<!-- Google tag (gtag.js) --> \r\n<script async type=\"opt-in\" data-type=\"application\/javascript\" data-name=\"googleAnalytics\" data-src=\"https:\/\/www.googletagmanager.com\/gtag\/js?id=G-57CEZCR31G\"><\/script> \r\n<script type=\"opt-in\" data-type=\"application\/javascript\" data-name=\"googleAnalytics\"> window.dataLayer = window.dataLayer || []; function gtag(){dataLayer.push(arguments);} gtag('js', new Date()); gtag('config', 'G-57CEZCR31G'); <\/script>\r\n\r\n<!-- Google Tag Manager -->\r\n<script type=\"opt-in\" data-type=\"application\/javascript\" data-name=\"googleAnalytics\">\r\n(function(w,d,s,l,i){w[l]=w[l]||[];w[l].push({'gtm.start':\r\nnew Date().getTime(),event:'gtm.js'});var f=d.getElementsByTagName(s)[0],\r\nj=d.createElement(s),dl=l!='dataLayer'?'&l='+l:'';j.async=true;j.src=\r\n'https:\/\/www.googletagmanager.com\/gtm.js?id='+i+dl;f.parentNode.insertBefore(j,f);\r\n})(window,document,'script','dataLayer','GTM-56CN854J');<\/script>\r\n\r\n<!-- End Google Tag Manager -->\r\n\r\n<!-- Google Tag Manager (noscript) -->\r\n\r\n<noscript>\r\n<iframe src=\"https:\/\/www.googletagmanager.com\/ns.html?id=GTM-56CN854J\"\r\nheight=\"0\" width=\"0\" style=\"display:none;visibility:hidden\"><\/iframe>\r\n<\/noscript>\r\n\r\n<!-- End Google Tag Manager (noscript) -->\r\n<div class='hauptseite_clickpfad'><span class='clickpfad'>\n<span class='clickadrbold'> Newsletter<\/span>\n<\/span><\/div>\n<div class='hauptseite_ohnestatus'>\n<!-- H262A-->\n<h1>Newsletter-Abonnement<\/h1>\n  <div>\n    <p>Liebe Leserin, lieber Leser,<br \/>\n    m&ouml;chten Sie regelm&auml;&szlig;ig &uuml;ber unsere aktuellen Angebote informiert werden?\n           Registrieren Sie sich hier und abonnieren Sie unseren Newsletter.<\/p>\n    <p>Aufgrund der Vorgaben der EU-Datenschutzgrundverordnung (DSGVO) erheben wir zur Newsletter-Anmeldung nur Ihre E-Mail-Adresse. \n      Gem\u00e4\u00df den Vorgaben der DSGVO steht es Ihnen dar\u00fcber hinaus frei, uns auch weitere Kontaktdaten zur Verf\u00fcgung zu stellen, sodass wir Ihre Anfrage direkter bearbeiten k\u00f6nnen.<\/p>\n    <p>\n    \tMit der &Uuml;bermittlung Ihres Namens helfen Sie uns, Adress-Dubletten zu vermeiden, danke!\n    <\/p>\n   <p class=\"text-muted\"> <small>mit <span class=\"pflicht-label\"><\/span> gekennzeichnete Felder m\u00fcssen ausgef\u00fcllt werden<\/small><\/p>\n<\/div>\n  <form name=\"formular\" action=\"https:\/\/www.wisoak.de\/kurse\/newsletter\/kw\/kathaupt\/228\/pid\/Newsletter\/\" method=\"post\" role=\"form\" class=\"nl_anmeldung form-horizontal\">\n\n<!-- H262E --><!-- B262A-->\n    <div class=\"row form-group\">\n        <div class=\"col-md-6 col-lg-2 kw-anmeldung-label\"> \n          <label for=\"nledit_geschlechtid\" class=\"kw-anmlabel\" title=\"Bitte w\u00e4hlen Sie Ihr Geschlecht\"><span>Geschlecht<\/span><\/label>\n        <\/div>\n        <div class=\"col-md-6 col-lg-4\">  \n           <input name=\"nledit_geschlecht\" type=\"radio\" id=\"nledit_geschlechtidM\" class=\"edit nledit nledit_geschlechtclassM\" value=\"M\" \/> m <input name=\"nledit_geschlecht\" type=\"radio\" id=\"nledit_geschlechtidW\" class=\"edit nledit nledit_geschlechtclassW\" value=\"W\" \/> w <input name=\"nledit_geschlecht\" type=\"radio\" id=\"nledit_geschlechtidD\" class=\"edit nledit nledit_geschlechtclassD\" value=\"D\" \/> divers \n        <\/div>\n    <\/div>\n\n    <div class=\"row form-group\">\n        <div class=\"col-md-6 col-lg-2 kw-anmeldung-label\"> \n            <label for=\"nledit_nameid\" class=\"kw-anmlabel\" title=\"Bitte geben Sie Ihren Familiennamen ein\"><span>Name<\/span><\/label>\n        <\/div>\n        <div class=\"col-md-6 col-lg-4\">   \n           \n      <!--[if IE]>\n        <noscript>\n          <label for=\"nledit_nameid\" class=\"anmeldung_label\">Name<\/label>\n        <\/noscript>\n      <![endif]-->\n      <input name=\"nledit_name\" type=\"text\" id=\"nledit_nameid\" class=\"tedit nledit nledit_nameclass form-control\" maxlength=\"35\" placeholder=\"Name\" \/>\n        <\/div>\n\n        <div class=\"col-md-6 col-lg-2 kw-anmeldung-label\">\n            <label for=\"nledit_vornameid\" class=\"kw-anmlabel\" title=\"Bitte geben Sie Ihren Vornamen ein\"><span>Vorname<\/span><\/label>\n        <\/div>\n        <div class=\"col-md-6 col-lg-4\">  \n           \n      <!--[if IE]>\n        <noscript>\n          <label for=\"nledit_vornameid\" class=\"anmeldung_label\">Vorname<\/label>\n        <\/noscript>\n      <![endif]-->\n      <input name=\"nledit_vorname\" type=\"text\" id=\"nledit_vornameid\" class=\"tedit nledit nledit_vornameclass form-control\" maxlength=\"35\" placeholder=\"Vorname\" \/>\n        <\/div>\n    <\/div>\n\n    <div class=\"row form-group\">\n        <div class=\"col-md-6 col-lg-2 kw-anmeldung-label\">  \n           <label for=\"nledit_emailid\" class=\"kw-anmlabel \" title=\"Bitte geben Sie Ihren E-Mail-Adresse ein\"><span>E-Mail <span class=\"pflicht-label\"><\/span><\/span><\/label>\n        <\/div>\n        <div class=\"col-md-6 col-lg-4\">    \n          \n      <!--[if IE]>\n        <noscript>\n          <label for=\"nledit_emailid\" class=\"anmeldung_label\">E-Mail-Adresse<\/label>\n        <\/noscript>\n      <![endif]-->\n      <input name=\"nledit_email\" type=\"text\" id=\"nledit_emailid\" class=\"tedit nledit nledit_emailclass form-control\" maxlength=\"100\" placeholder=\"E-Mail-Adresse\" \/>\n        <\/div>\n\n        <div class=\"col-md-6 col-lg-2 kw-anmeldung-label\">\n            <label for=\"nledit_bemerkungid\" class=\"kw-anmlabel\" title=\"Bitte geben Sie eine Bemerkung ein\"><span>Bemerkung<\/span><\/label>\n        <\/div>\n        <div class=\"col-md-6 col-lg-4\"> \n           \n      <!--[if IE]>\n        <noscript>\n          <label for=\"nledit_bemerkungid\" class=\"anmeldung_label\">Bemerkung<\/label>\n        <\/noscript>\n      <![endif]-->\n      <input name=\"nledit_bemerkung\" type=\"text\" id=\"nledit_bemerkungid\" class=\"tedit nledit nledit_bemerkungclass form-control\" maxlength=\"255\" placeholder=\"Bemerkung\" \/>\n        <\/div>\n    <\/div>\n\n<div id=\"captcha\"><img decoding=\"async\" src=\"https:\/\/www.wisoak.de\/kurse\/wp-content\/kuferweb\/webbasys\/captcha.php?=1776287831\" alt=\"Sicherheitscode\" id=\"img_captcha\" \/><br \/>\n<input name=\"nledit_captcha\" type=\"text\" id=\"nledit_captcha\" class=\" form-control\" \/><\/div>\n\n<div class=\"mt-4\">\n  <label for=\"tedit_dse_unterschrieben_datumid\" class=\"\">\n    <input name=\"nledit_dse_unterschrieben_datum\" type=\"checkbox\" id=\"tedit_dse_unterschrieben_datumid\" value=\"15.04.2026 23:17:11\" \/> \n    Ich willige ein, dass mir die Bremen Wisoak gGmbH per E-Mail Informationen und Angebote zu ihren Produkten und Veranstaltungen zum Zwecke der Information und Werbung \u00fcbersendet. \n    Zu diesem Zwecke wird meine E-Mail-Adresse gespeichert und verarbeitet. Die <a href=\"https:\/\/www.wisoak.de\/datenschutz\/\" class=\"internal-link\" title=\"Datenschutzerkl\u00e4rung \u00f6ffnen\" target=\"_blank\"> Datenschutzerkl\u00e4rung<\/a> habe ich gelesen. *\n  <\/label>\n<\/div>\n\n<!-- B262E --><!-- F262A-->\n\n<div class=\"kw-buttonleiste text-right\">\n  \t\t<button class=\"btn btn-primary btn-shadow\" type=\"submit\" name=\"nl_anmeldung\"  id=\"kw-submit-form\">        \n\t\t  \tNewsletter abonnieren\n\t\t  <\/button>\n\t  <\/div>\n\n<\/form>\n\n\n  <p class=\"mt-6\">\n    <strong>Hinweis:<\/strong>\n   Selbstverst\u00e4ndlich k\u00f6nnen Sie diesen Newsletter jederzeit ohne Begr\u00fcndung wieder abbestellen. In jedem Newsletter finden Sie einen Link, der Ihnen dies per Klick erm\u00f6glicht.\n   <\/p><p>\n    Hier k\u00f6nnen Sie sich von unserem  Newsletter <a href=\"https:\/\/www.wisoak.de\/kurse\/newsletter\/kw\/kathaupt\/228\/pid\/Newsletter\/&amp;abmeldeformular=1\" title=\"von Newsletter abmelden\" class=\"internal-link\">abmelden<\/a>.\n  <\/p>\n\n   \n \n\n<!-- F262E --><\/div><!-- F85-->\r\n<!-- H113A Stammh\u00f6rer-Login-Modals-->\n<div class=\"modal fade login-form-modal\" id=\"login-form-modal\" tabindex=\"-1\" role=\"dialog\" aria-labelledby=\"login-form-modal-label\">\n  <div class=\"modal-dialog\" role=\"document\">\n    <div class=\"modal-content\">\n      <div class=\"modal-header\">\n         <button type=\"button\" class=\"close\" data-dismiss=\"modal\" aria-label=\"Login-Fenster schlie\u00dfen\"><i aria-hidden=\"true\" class=\"fas fa-times\"><\/i><\/button>\n          <h3 id=\"login-form-modal-label\"><i class=\"fas fa-user\" aria-hidden=\"true\"><\/i> Mein Konto<\/h3>\n       <\/div>\n      <div class=\"modal-body\" id=\"tnLogin\">\n\t\t    <form action=\"https:\/\/www.wisoak.de\/kurse\/programm\/kw\/kathaupt\/236\/xsrf\/6693b1d07ab9d53fd4df1d363b42ebb6\" method=\"post\">\n                <input type=\"hidden\" name=\"wbl_login\" value=\"1\">\n                    <div class=\"form-group\"> \n\t\t\t\t\t   <label for=\"wblogin-modal\" class=\"kw-anmlabel\">E-Mail<\/label>\n\t\t\t\t\t   <input id=\"wblogin-modal\" type=\"text\" name=\"wblogin\" placeholder=\"E-Mail\" class=\"form-control\">\n\t\t\t\t   <\/div> \n\t\t\t\t   <div class=\"form-group\"> \t\t\t\t   \n\t\t\t\t\t  <label for=\"wbpw-modal\" class=\"kw-anmlabel\">Passwort<\/label>\n\t\t\t\t\t  <input id=\"wbpw-modal\" type=\"password\" name=\"wbpasswort\" placeholder=\"Passwort eingeben\" class=\"form-control\">\n           <\/div>\n        \n                  \n           <button class=\"btn btn-primary btn-lg btn-block login-form-modal-btn btn-shadow\" type=\"submit\">Anmelden<\/button>\n\t\t\t\t \n           <div class=\"text-center\">\n\t\t\t\t\t\t<a href=\"https:\/\/www.wisoak.de\/kurse\/programm\/kw\/kathaupt\/256\" class=\"underline small\">Passwort vergessen?<\/a>                    \n\t\t\t\t <\/div>\n       <\/form>\n      <\/div>\n      <div class=\"modal-footer bg-grey\">\n\t\t\t\t<h4>Noch kein Konto?<\/h4>\n\t\t\t\t<a href=\"https:\/\/www.wisoak.de\/kurse\/programm\/kw\/kathaupt\/266\" class=\"btn btn-outline-secondary\">jetzt Registrieren<\/a> \n\t\t\t<\/div>      \n    <\/div>\n  <\/div>\n<\/div>\n\n\n\n<div class=\"modal fade merkliste-modal\" id=\"merkliste-modal\" tabindex=\"-1\" role=\"dialog\" aria-labelledby=\"merkliste-modal-label\">\n  <div class=\"modal-dialog\" role=\"document\">\n    <div class=\"modal-content\">\n      <div class=\"modal-header\">\n         <button type=\"button\" class=\"close\" data-dismiss=\"modal\" aria-label=\"Fenster schlie\u00dfen\"><i aria-hidden=\"true\" class=\"fas fa-times\"><\/i><\/button>\n          <h3 id=\"merkliste-modal-label\"><i class=\"fas fa-heart\" aria-hidden=\"true\"><\/i> Merkliste<\/h3>\n       <\/div>\n      <div class=\"modal-body\">\t\n          <div class=\"text-center\">\n            <p>Die Merkliste ist nur f\u00fcr eingeloggte Stammh\u00f6rer einsehbar. <br \/>\n               Bitte melden Sie sich an. <\/p>\n              <a href=\"https:\/\/www.wisoak.de\/kurse\/programm\/kw\/kathaupt\/236\" class=\"btn btn-primary btn-shadow\">Anmelden<\/a> \n        <\/div>\n          \n      <\/div>\n      <div class=\"modal-footer bg-grey\">\n        <div class=\"text-center\">\n\t\t\t\t  <h4>Noch kein Konto?<\/h4>\n\t\t\t\t  <a href=\"https:\/\/www.wisoak.de\/kurse\/programm\/kw\/kathaupt\/266\" class=\"btn btn-outline-secondary\">jetzt Registrieren<\/a> \n        <\/div>\n\t\t\t<\/div>      \n    <\/div>\n  <\/div>\n<\/div>\n<!-- H113E -->\n\r\n<\/div>\r\n<!-- Hier Ende KuferWEB-Inhalte -->\r\n<!-- vor Part 4 ###-->\r\n\r\n<!--Hier noch ein Marker - direkt vorm schlie\u00dfenden Body tag###-->\r\n<!--<script src=\"https:\/\/www.wisoak.de\/kurse\/wp-content\/kuferweb\/webbasys\/layout\/js\/functions.js\"><\/script>-->\r\n\r\n<!--<script src=\"https:\/\/www.wisoak.de\/kurse\/wp-content\/kuferweb\/webbasys\/layout\/js\/knockout-min.js\" type=\"text\/javascript\"><\/script>-->\r\n<!--<script src=\"https:\/\/www.wisoak.de\/kurse\/wp-content\/kuferweb\/webbasys\/layout\/js\/knockout.mapping-latest.debug.js\" type=\"text\/javascript\"><\/script>-->\r\n<!--<script src=\"https:\/\/www.wisoak.de\/kurse\/wp-content\/kuferweb\/webbasys\/layout\/js\/anmeldung.js?1232\" type=\"text\/javascript\"><\/script>-->\r\n<!--<script src=\"https:\/\/www.wisoak.de\/kurse\/wp-content\/kuferweb\/webbasys\/layout\/js\/layout.js\"><\/script>-->\r\n\r\n<!-- vor Part 5 ###-->\r\n<\/div>\n","protected":false},"excerpt":{"rendered":"","protected":false},"author":1,"featured_media":0,"parent":0,"menu_order":0,"comment_status":"closed","ping_status":"closed","template":"","meta":{"footnotes":""},"class_list":["post-139","page","type-page","status-publish","hentry"],"_links":{"self":[{"href":"https:\/\/www.wisoak.de\/kurse\/wp-json\/wp\/v2\/pages\/139","targetHints":{"allow":["GET"]}}],"collection":[{"href":"https:\/\/www.wisoak.de\/kurse\/wp-json\/wp\/v2\/pages"}],"about":[{"href":"https:\/\/www.wisoak.de\/kurse\/wp-json\/wp\/v2\/types\/page"}],"author":[{"embeddable":true,"href":"https:\/\/www.wisoak.de\/kurse\/wp-json\/wp\/v2\/users\/1"}],"replies":[{"embeddable":true,"href":"https:\/\/www.wisoak.de\/kurse\/wp-json\/wp\/v2\/comments?post=139"}],"version-history":[{"count":1,"href":"https:\/\/www.wisoak.de\/kurse\/wp-json\/wp\/v2\/pages\/139\/revisions"}],"predecessor-version":[{"id":140,"href":"https:\/\/www.wisoak.de\/kurse\/wp-json\/wp\/v2\/pages\/139\/revisions\/140"}],"wp:attachment":[{"href":"https:\/\/www.wisoak.de\/kurse\/wp-json\/wp\/v2\/media?parent=139"}],"curies":[{"name":"wp","href":"https:\/\/api.w.org\/{rel}","templated":true}]}}